{"id":476,"date":"2020-10-25T10:24:08","date_gmt":"2020-10-25T10:24:08","guid":{"rendered":"https:\/\/www.cssec.de\/blog\/?page_id=476"},"modified":"2023-02-28T10:42:38","modified_gmt":"2023-02-28T10:42:38","slug":"blog-eintraege","status":"publish","type":"page","link":"https:\/\/www.cssec.de\/blog\/","title":{"rendered":"Startseite"},"content":{"rendered":"\t\t<div data-elementor-type=\"wp-page\" data-elementor-id=\"476\" class=\"elementor elementor-476\" data-elementor-settings=\"{&quot;ha_cmc_init_switcher&quot;:&quot;no&quot;}\" data-elementor-post-type=\"page\">\n\t\t\t\t\t\t<section class=\"elementor-section elementor-top-section elementor-element elementor-element-5e535ff elementor-section-boxed elementor-section-height-default elementor-section-height-default\" data-id=\"5e535ff\" data-element_type=\"section\" data-settings=\"{&quot;_ha_eqh_enable&quot;:false}\">\n\t\t\t\t\t\t<div class=\"elementor-container elementor-column-gap-default\">\n\t\t\t\t\t<div class=\"elementor-column elementor-col-100 elementor-top-column elementor-element elementor-element-6f5b8a6\" data-id=\"6f5b8a6\" data-element_type=\"column\">\n\t\t\t<div class=\"elementor-widget-wrap elementor-element-populated\">\n\t\t\t\t\t\t<div class=\"elementor-element elementor-element-11391ba elementor-widget elementor-widget-spacer\" data-id=\"11391ba\" data-element_type=\"widget\" data-widget_type=\"spacer.default\">\n\t\t\t\t<div class=\"elementor-widget-container\">\n\t\t\t\t\t<div class=\"elementor-spacer\">\n\t\t\t<div class=\"elementor-spacer-inner\"><\/div>\n\t\t<\/div>\n\t\t\t\t<\/div>\n\t\t\t\t<\/div>\n\t\t\t\t\t<\/div>\n\t\t<\/div>\n\t\t\t\t\t<\/div>\n\t\t<\/section>\n\t\t\t\t<section class=\"elementor-section elementor-top-section elementor-element elementor-element-80f7126 elementor-section-full_width elementor-section-height-default elementor-section-height-default\" data-id=\"80f7126\" data-element_type=\"section\" data-settings=\"{&quot;_ha_eqh_enable&quot;:false}\">\n\t\t\t\t\t\t<div class=\"elementor-container elementor-column-gap-default\">\n\t\t\t\t\t<div class=\"elementor-column elementor-col-100 elementor-top-column elementor-element elementor-element-8f15be1\" data-id=\"8f15be1\" data-element_type=\"column\">\n\t\t\t<div class=\"elementor-widget-wrap elementor-element-populated\">\n\t\t\t\t\t\t<div class=\"elementor-element elementor-element-c94bd85 elementor-widget elementor-widget-heading\" data-id=\"c94bd85\" data-element_type=\"widget\" data-widget_type=\"heading.default\">\n\t\t\t\t<div class=\"elementor-widget-container\">\n\t\t\t<h2 class=\"elementor-heading-title elementor-size-default\">Willkommen auf meiner Blog-Seite<\/h2>\t\t<\/div>\n\t\t\t\t<\/div>\n\t\t\t\t\t<\/div>\n\t\t<\/div>\n\t\t\t\t\t<\/div>\n\t\t<\/section>\n\t\t\t\t<section class=\"elementor-section elementor-top-section elementor-element elementor-element-2f524ad elementor-section-full_width elementor-section-height-default elementor-section-height-default\" data-id=\"2f524ad\" data-element_type=\"section\" data-settings=\"{&quot;_ha_eqh_enable&quot;:false}\">\n\t\t\t\t\t\t<div class=\"elementor-container elementor-column-gap-default\">\n\t\t\t\t\t<div class=\"elementor-column elementor-col-100 elementor-top-column elementor-element elementor-element-7868dba\" data-id=\"7868dba\" data-element_type=\"column\">\n\t\t\t<div class=\"elementor-widget-wrap elementor-element-populated\">\n\t\t\t\t\t\t<div class=\"elementor-element elementor-element-f10cf99 elementor-widget-divider--view-line elementor-widget elementor-widget-divider\" data-id=\"f10cf99\" data-element_type=\"widget\" data-widget_type=\"divider.default\">\n\t\t\t\t<div class=\"elementor-widget-container\">\n\t\t\t\t\t<div class=\"elementor-divider\">\n\t\t\t<span class=\"elementor-divider-separator\">\n\t\t\t\t\t\t<\/span>\n\t\t<\/div>\n\t\t\t\t<\/div>\n\t\t\t\t<\/div>\n\t\t\t\t\t<\/div>\n\t\t<\/div>\n\t\t\t\t\t<\/div>\n\t\t<\/section>\n\t\t\t\t<section class=\"elementor-section elementor-top-section elementor-element elementor-element-51a45db elementor-section-full_width elementor-section-height-default elementor-section-height-default\" data-id=\"51a45db\" data-element_type=\"section\" data-settings=\"{&quot;_ha_eqh_enable&quot;:false}\">\n\t\t\t\t\t\t<div class=\"elementor-container elementor-column-gap-default\">\n\t\t\t\t\t<div class=\"elementor-column elementor-col-50 elementor-top-column elementor-element elementor-element-70ffbe7\" data-id=\"70ffbe7\" data-element_type=\"column\">\n\t\t\t<div class=\"elementor-widget-wrap elementor-element-populated\">\n\t\t\t\t\t\t<div class=\"elementor-element elementor-element-674dc3a elementor-widget elementor-widget-image\" data-id=\"674dc3a\" data-element_type=\"widget\" data-widget_type=\"image.default\">\n\t\t\t\t<div class=\"elementor-widget-container\">\n\t\t\t\t\t\t\t\t\t\t\t\t\t<img fetchpriority=\"high\" decoding=\"async\" width=\"240\" height=\"300\" src=\"https:\/\/www.cssec.de\/blog\/wp-content\/uploads\/2020\/10\/Profilbild_weichgezeichnet_zugeschnitten-240x300.jpg\" class=\"attachment-medium size-medium wp-image-491\" alt=\"\" srcset=\"https:\/\/www.cssec.de\/blog\/wp-content\/uploads\/2020\/10\/Profilbild_weichgezeichnet_zugeschnitten-240x300.jpg 240w, https:\/\/www.cssec.de\/blog\/wp-content\/uploads\/2020\/10\/Profilbild_weichgezeichnet_zugeschnitten-768x962.jpg 768w, https:\/\/www.cssec.de\/blog\/wp-content\/uploads\/2020\/10\/Profilbild_weichgezeichnet_zugeschnitten.jpg 800w\" sizes=\"(max-width: 240px) 100vw, 240px\" \/>\t\t\t\t\t\t\t\t\t\t\t\t\t<\/div>\n\t\t\t\t<\/div>\n\t\t\t\t\t<\/div>\n\t\t<\/div>\n\t\t\t\t<div class=\"elementor-column elementor-col-50 elementor-top-column elementor-element elementor-element-16eff26\" data-id=\"16eff26\" data-element_type=\"column\">\n\t\t\t<div class=\"elementor-widget-wrap elementor-element-populated\">\n\t\t\t\t\t\t<div class=\"elementor-element elementor-element-6660d09 elementor-widget elementor-widget-text-editor\" data-id=\"6660d09\" data-element_type=\"widget\" data-widget_type=\"text-editor.default\">\n\t\t\t\t<div class=\"elementor-widget-container\">\n\t\t\t\t\t\t\t<p>Urspr\u00fcnglich habe ich den Blog mal f\u00fcr mich selbst eingerichtet, um Probleme, mit denen ich im Laufe meiner Projekte so konfrontiert wurde, und deren L\u00f6sungen einfach f\u00fcr mich selbst niederzuschreiben.<br \/>Das ist nun schon eine ganz sch\u00f6n lange Zeit her, inzwischen gibt es bereits einige, die sich immer mal den Blog anschauen und sich mal die ein oder andere Anleitung herausholen.\u00a0 <\/p><p>Die letzten Wochen waren leider etwas stressig, so habe ich jetzt lange keine Blog-Eintr\u00e4ge mehr geschrieben. Mit nochmals neuem Design werde ich nun aber aktiver und in K\u00fcrze eine ganze Serie ver\u00f6ffentlichen, in der ich erkl\u00e4re, wie ihr Rechner, Cloud und Android-Smartphones einrichtet, mit der keine oder nur geringstm\u00f6glich Daten an die gro\u00dfen Konzerne wie Google, Apple, Microsoft, Facebook weitergegeben werden. Auch werde ich mich mit Alternativen zu verschiedenen Online-Diensten, wie YouTube, Facebook, WhatsApp, etc. besch\u00e4ftigen, u.a. weil aktuell eine starke Zensurwelle durch diese Dienste l\u00e4uft (vor allem in Hinblick auf die Corona-Situation) und auch dort niemand wei\u00df, was f\u00fcr Daten dann entsprechend missbraucht oder weitergegeben werden.<\/p><p>Gerade bin ich dabei, mich etwas genauer mit Video-Aufnahmen zu besch\u00e4ftigen, um das ganze dann auch direkt als Video auf ein Portal zu stellen, da eine Video-Anleitung in der Regel besser und leichter zu verstehen ist, als seitenlange Texte. Daher wird das Einstellen der neuen Eintr\u00e4ge noch ein paar Tage dauern.<\/p><p>Seid gespannt&#8230;<\/p>\t\t\t\t\t\t<\/div>\n\t\t\t\t<\/div>\n\t\t\t\t\t<\/div>\n\t\t<\/div>\n\t\t\t\t\t<\/div>\n\t\t<\/section>\n\t\t\t\t<section class=\"elementor-section elementor-top-section elementor-element elementor-element-ee94565 elementor-section-boxed elementor-section-height-default elementor-section-height-default\" data-id=\"ee94565\" data-element_type=\"section\" data-settings=\"{&quot;_ha_eqh_enable&quot;:false}\">\n\t\t\t\t\t\t<div class=\"elementor-container elementor-column-gap-default\">\n\t\t\t\t\t<div class=\"elementor-column elementor-col-100 elementor-top-column elementor-element elementor-element-050a779\" data-id=\"050a779\" data-element_type=\"column\">\n\t\t\t<div class=\"elementor-widget-wrap elementor-element-populated\">\n\t\t\t\t\t\t<div class=\"elementor-element elementor-element-e694d8f elementor-widget elementor-widget-spacer\" data-id=\"e694d8f\" data-element_type=\"widget\" data-widget_type=\"spacer.default\">\n\t\t\t\t<div class=\"elementor-widget-container\">\n\t\t\t\t\t<div class=\"elementor-spacer\">\n\t\t\t<div class=\"elementor-spacer-inner\"><\/div>\n\t\t<\/div>\n\t\t\t\t<\/div>\n\t\t\t\t<\/div>\n\t\t\t\t\t<\/div>\n\t\t<\/div>\n\t\t\t\t\t<\/div>\n\t\t<\/section>\n\t\t\t\t<\/div>\n\t\t","protected":false},"excerpt":{"rendered":"<p>Willkommen auf meiner Blog-Seite Urspr\u00fcnglich habe ich den Blog mal f\u00fcr mich selbst eingerichtet, um Probleme, mit denen ich im Laufe meiner Projekte so konfrontiert wurde, und deren L\u00f6sungen einfach f\u00fcr mich selbst niederzuschreiben.Das ist nun schon eine ganz sch\u00f6n lange Zeit her, inzwischen gibt es bereits einige, die sich immer mal den Blog anschauen [&hellip;]<\/p>\n","protected":false},"author":1,"featured_media":0,"parent":0,"menu_order":0,"comment_status":"closed","ping_status":"closed","template":"","meta":{"footnotes":""},"_links":{"self":[{"href":"https:\/\/www.cssec.de\/blog\/wp-json\/wp\/v2\/pages\/476"}],"collection":[{"href":"https:\/\/www.cssec.de\/blog\/wp-json\/wp\/v2\/pages"}],"about":[{"href":"https:\/\/www.cssec.de\/blog\/wp-json\/wp\/v2\/types\/page"}],"author":[{"embeddable":true,"href":"https:\/\/www.cssec.de\/blog\/wp-json\/wp\/v2\/users\/1"}],"replies":[{"embeddable":true,"href":"https:\/\/www.cssec.de\/blog\/wp-json\/wp\/v2\/comments?post=476"}],"version-history":[{"count":31,"href":"https:\/\/www.cssec.de\/blog\/wp-json\/wp\/v2\/pages\/476\/revisions"}],"predecessor-version":[{"id":673,"href":"https:\/\/www.cssec.de\/blog\/wp-json\/wp\/v2\/pages\/476\/revisions\/673"}],"wp:attachment":[{"href":"https:\/\/www.cssec.de\/blog\/wp-json\/wp\/v2\/media?parent=476"}],"curies":[{"name":"wp","href":"https:\/\/api.w.org\/{rel}","templated":true}]}}